{"id":129,"date":"2015-11-16T14:32:51","date_gmt":"2015-11-16T07:32:51","guid":{"rendered":"http:\/\/singlestroke.io\/demo\/jackrose-wp\/?page_id=129"},"modified":"2018-10-25T11:28:14","modified_gmt":"2018-10-25T09:28:14","slug":"anreise","status":"publish","type":"page","link":"https:\/\/katharina-tobias.de\/hochzeit\/anreise\/","title":{"rendered":"Anreise-Informationen"},"content":{"rendered":"<div id=\"pl-129\"  class=\"panel-layout\" ><div id=\"pg-129-0\"  class=\"panel-grid panel-has-style\" ><div id=\"groom-bride\" data-jackrose-anchor=\"groom-bride\" class=\"panel-row-style panel-row-style-for-129-0\" ><div id=\"pgc-129-0-0\"  class=\"panel-grid-cell\" ><div id=\"panel-129-0-0-0\" class=\"so-panel widget widget_jackrose-sow-section-heading panel-first-child\" data-index=\"0\" ><div\n\t\t\t\n\t\t\tclass=\"so-widget-jackrose-sow-section-heading so-widget-jackrose-sow-section-heading-default-d75171398898-129\"\n\t\t\t\n\t\t><header class=\"jackrose-sow-section-header align-center\">\r\n\t<h2 class=\"jackrose-sow-section-heading typography-section-heading\" style=\"color: #444444\">Anreise-Informationen<\/h2>\r\n\t<p class=\"jackrose-sow-section-subheading\" style=\"color: #888888\"><\/p>\r\n<\/header><!-- .jackrose-sow-section-header --><\/div><\/div><div id=\"panel-129-0-0-1\" class=\"so-panel widget widget_jackrose-sow-about-us-grid panel-last-child\" data-index=\"1\" ><div\n\t\t\t\n\t\t\tclass=\"so-widget-jackrose-sow-about-us-grid so-widget-jackrose-sow-about-us-grid-default-d75171398898-129\"\n\t\t\t\n\t\t><div class=\"jackrose-sow-about-us-grid\">\r\n\t\t\t<div class=\"jackrose-sow-about-us-grid-item jackrose-sow-about-us-grid-item-photo-left clear jackrose-animation-fade-in-up\"\r\n\t\t\tstyle=\"background-color: #f6f4f2\">\r\n\t\t\t<div class=\"jackrose-sow-about-us-grid-item-photo\">\r\n\t\t\t\t\t\t\t\t<div class=\"jackrose-sow-about-us-grid-item-photo-image\" style=\"background-image: url(https:\/\/katharina-tobias.de\/hochzeit\/kthup\/2017\/09\/schildsalzburg-540x355.jpg);\"><\/div>\r\n\t\t\t<\/div><!-- .jackrose-sow-about-us-grid-item-photo -->\r\n\t\t\t<div class=\"jackrose-sow-about-us-grid-item-text\">\r\n\t\t\t\t<h4 class=\"jackrose-sow-about-us-grid-item-name typography-heading\">Mit dem Auto<\/h4>\r\n\t\t\t\t<div class=\"jackrose-sow-about-us-grid-item-content\"><p>Die Anreise mit dem Auto betr\u00e4gt aus Krefeld rund 7\u00a0Stunden, aus Frankfurt a.M. rund 5 Stunden und aus M\u00fcnchen rund 1,5 Stunden (bei guter Verkehrslage).\u00a0<br \/><br \/><a href=\"https:\/\/www.google.at\/maps\/dir\/\/Getreidegasse+50,+5020+Salzburg\/@47.8000974,13.035804,16z\/data=!3m1!4b1!4m8!4m7!1m0!1m5!1m1!1s0x4776906426edea93:0x25ed87d2bb6d74b1!2m2!1d13.0401814!2d47.8000975\"><img class=\"aligncenter wp-image-843 size-medium\" src=\"https:\/\/katharina-tobias.de\/hochzeit\/kthup\/2015\/11\/gmaps-300x56.png\" alt=\"\" width=\"300\" height=\"56\" \/><\/a><\/p><\/div>\r\n\t\t\t\t<div class=\"jackrose-sow-about-us-grid-item-links\">\r\n\t\t\t\t\t\t\t\t\t<\/div><!-- .jackrose-sow-about-us-grid-item-links -->\r\n\t\t\t<\/div><!-- .jackrose-sow-about-us-grid-item-text -->\r\n\t\t<\/div><!-- .jackrose-sow-about-us-grid-item -->\r\n\t\t\t<div class=\"jackrose-sow-about-us-grid-item jackrose-sow-about-us-grid-item-photo-right clear jackrose-animation-fade-in-up\"\r\n\t\t\tstyle=\"background-color: #f6f4f2\">\r\n\t\t\t<div class=\"jackrose-sow-about-us-grid-item-photo\">\r\n\t\t\t\t\t\t\t\t<div class=\"jackrose-sow-about-us-grid-item-photo-image\" style=\"background-image: url(https:\/\/katharina-tobias.de\/hochzeit\/kthup\/2017\/09\/bahnhofsalzburg-540x553.jpg);\"><\/div>\r\n\t\t\t<\/div><!-- .jackrose-sow-about-us-grid-item-photo -->\r\n\t\t\t<div class=\"jackrose-sow-about-us-grid-item-text\">\r\n\t\t\t\t<h4 class=\"jackrose-sow-about-us-grid-item-name typography-heading\">Mit dem Zug<\/h4>\r\n\t\t\t\t<div class=\"jackrose-sow-about-us-grid-item-content\"><p>Wer die Anreise per Zug bevorzugt, kann mit der Fahrplanauskunft der Deutschen Bahn oder der \u00d6sterreichischen Bundesbahn leicht die entsprechende Route planen und online buchen. Vom\u00a0Salzburger Hauptbahnhof gelangt man in wenigen Minuten sowohl zu Fu\u00df als auch mit \u00f6ffentlichen Verkehrsmitteln zum historischen Kern\u00a0der Mozartstadt.<\/p>\n<p><a href=\"http:\/\/www.bahn.de\"><img class=\"aligncenter wp-image-772 size-medium\" src=\"https:\/\/katharina-tobias.de\/hochzeit\/kthup\/2017\/09\/bahn.svg_-300x56.png\" alt=\"\" width=\"300\" height=\"56\" \/><\/a> <a href=\"http:\/\/www.oebb.at\"><img class=\"aligncenter wp-image-771 size-medium\" src=\"https:\/\/katharina-tobias.de\/hochzeit\/kthup\/2017\/09\/oebb.svg_-300x56.png\" alt=\"\" width=\"300\" height=\"56\" \/><\/a><\/p><\/div>\r\n\t\t\t\t<div class=\"jackrose-sow-about-us-grid-item-links\">\r\n\t\t\t\t\t\t\t\t\t<\/div><!-- .jackrose-sow-about-us-grid-item-links -->\r\n\t\t\t<\/div><!-- .jackrose-sow-about-us-grid-item-text -->\r\n\t\t<\/div><!-- .jackrose-sow-about-us-grid-item -->\r\n\t\t\t<div class=\"jackrose-sow-about-us-grid-item jackrose-sow-about-us-grid-item-photo-left clear jackrose-animation-fade-in-up\"\r\n\t\t\tstyle=\"background-color: \">\r\n\t\t\t<div class=\"jackrose-sow-about-us-grid-item-photo\">\r\n\t\t\t\t\t\t\t\t<div class=\"jackrose-sow-about-us-grid-item-photo-image\" style=\"background-image: url(https:\/\/katharina-tobias.de\/hochzeit\/kthup\/2017\/09\/Luftaufnahme_Salzburg-Airport-540x360.jpg);\"><\/div>\r\n\t\t\t<\/div><!-- .jackrose-sow-about-us-grid-item-photo -->\r\n\t\t\t<div class=\"jackrose-sow-about-us-grid-item-text\">\r\n\t\t\t\t<h4 class=\"jackrose-sow-about-us-grid-item-name typography-heading\">Mit dem Flugzeug<\/h4>\r\n\t\t\t\t<div class=\"jackrose-sow-about-us-grid-item-content\"><p style=\"text-align: left\">Ready for Departure: mit dem Flugzeug erreicht man schnell und bequem den Wolfgang Amadeus Mozart Airport, der nur wenige Minuten von der Salzburger Altstadt (Obus-Linie 10 bis Ferdinand-Hanusch-Platz) entfernt liegt. F\u00fcr die Anreise von den Flugh\u00e4fen D\u00fcsseldorf und K\u00f6ln\/ Bonn empfehlen wir - aktuell - Eurowings.<\/p>\n<p><a href=\"http:\/\/www.salzburg-airport.com\"><img class=\"aligncenter wp-image-769 size-medium\" src=\"https:\/\/katharina-tobias.de\/hochzeit\/kthup\/2017\/09\/wamairport.svg_-300x56.png\" alt=\"\" width=\"300\" height=\"56\" \/><\/a><a href=\"http:\/\/www.eurowings.de\"><img class=\"aligncenter wp-image-770 size-medium\" src=\"https:\/\/katharina-tobias.de\/hochzeit\/kthup\/2017\/09\/eurowings.svg_-300x56.png\" alt=\"\" width=\"300\" height=\"56\" \/><\/a><\/p><\/div>\r\n\t\t\t\t<div class=\"jackrose-sow-about-us-grid-item-links\">\r\n\t\t\t\t\t\t\t\t\t<\/div><!-- .jackrose-sow-about-us-grid-item-links -->\r\n\t\t\t<\/div><!-- .jackrose-sow-about-us-grid-item-text -->\r\n\t\t<\/div><!-- .jackrose-sow-about-us-grid-item -->\r\n\t<\/div><!-- .jackrose-sow-about-us-grid --><\/div><\/div><\/div><\/div><\/div><div id=\"pg-129-1\"  class=\"panel-grid panel-has-style\" ><div class=\"siteorigin-panels-stretch panel-row-style panel-row-style-for-129-1\" data-stretch-type=\"full-stretched\" id=\"location\" data-jackrose-anchor=\"location\" ><div id=\"pgc-129-1-0\"  class=\"panel-grid-cell panel-grid-cell-empty\" ><\/div><div id=\"pgc-129-1-1\"  class=\"panel-grid-cell panel-grid-cell-mobile-last\" ><div id=\"panel-129-1-1-0\" class=\"so-panel widget widget_jackrose-sow-events-grid panel-first-child panel-last-child\" data-index=\"2\" ><div\n\t\t\t\n\t\t\tclass=\"so-widget-jackrose-sow-events-grid so-widget-jackrose-sow-events-grid-default-d75171398898-129\"\n\t\t\t\n\t\t><div class=\"jackrose-sow-events-grid jackrose-sow-events-grid-2-columns clear\">\r\n\t\t\t<div class=\"jackrose-sow-events-grid-item jackrose-animation-fade-in-up\">\r\n\t\t\t<div class=\"jackrose-sow-events-grid-item-wrapper\" style=\"background-color: #ffffff\">\r\n\t\t\t\t\t\t\t\t\t<div class=\"jackrose-sow-events-grid-item-photo\"><img width=\"540\" height=\"318\" src=\"https:\/\/katharina-tobias.de\/hochzeit\/kthup\/2015\/11\/csm_OBUS-salzburg_01_f49fd6da18-540x318.jpg\" class=\"attachment-grid size-grid\" alt=\"\" decoding=\"async\" loading=\"lazy\" srcset=\"https:\/\/katharina-tobias.de\/hochzeit\/kthup\/2015\/11\/csm_OBUS-salzburg_01_f49fd6da18-540x318.jpg 540w, https:\/\/katharina-tobias.de\/hochzeit\/kthup\/2015\/11\/csm_OBUS-salzburg_01_f49fd6da18-300x177.jpg 300w, https:\/\/katharina-tobias.de\/hochzeit\/kthup\/2015\/11\/csm_OBUS-salzburg_01_f49fd6da18-768x452.jpg 768w, https:\/\/katharina-tobias.de\/hochzeit\/kthup\/2015\/11\/csm_OBUS-salzburg_01_f49fd6da18.jpg 980w\" sizes=\"(max-width: 540px) 100vw, 540px\" \/><\/div>\t\t\t\t\r\n\t\t\t\t\t\t\t\t\r\n\t\t\t\t\t\t\t\t\t<h4 class=\"jackrose-sow-events-grid-item-title typography-heading\">\u00d6PNV<\/h4>\r\n\t\t\t\t\r\n\t\t\t\t\t\t\t\t\t<div class=\"jackrose-sow-events-grid-item-description\"><p>Mit den O-Buslinien durch Salzburg fahren und \u00d6PNV-Strecken einfach planen: mit dem Angebot von Salzburg Verkehr.<\/p>\n<p><a href=\"https:\/\/salzburg-verkehr.at\"><img class=\"alignnone wp-image-880 size-medium\" src=\"https:\/\/katharina-tobias.de\/hochzeit\/kthup\/2015\/11\/svv-logo-retina-e1439473202833-300x90.png\" alt=\"\" width=\"300\" height=\"90\" \/><\/a><\/p><\/div>\r\n\t\t\t\t\r\n\t\t\t\t\t\t\t<\/div><!-- .jackrose-sow-events-grid-item-wrapper -->\r\n\t\t<\/div><!-- .jackrose-sow-events-grid-item -->\r\n\t\t\t<div class=\"jackrose-sow-events-grid-item jackrose-animation-fade-in-up\">\r\n\t\t\t<div class=\"jackrose-sow-events-grid-item-wrapper\" style=\"background-color: #ffffff\">\r\n\t\t\t\t\t\t\t\t\t<div class=\"jackrose-sow-events-grid-item-photo\"><img width=\"540\" height=\"304\" src=\"https:\/\/katharina-tobias.de\/hochzeit\/kthup\/2015\/11\/salzburg-stadt-fussgaenger-von-taxi-angefahren-41-55332015-540x304.jpg\" class=\"attachment-grid size-grid\" alt=\"\" decoding=\"async\" loading=\"lazy\" srcset=\"https:\/\/katharina-tobias.de\/hochzeit\/kthup\/2015\/11\/salzburg-stadt-fussgaenger-von-taxi-angefahren-41-55332015-540x304.jpg 540w, https:\/\/katharina-tobias.de\/hochzeit\/kthup\/2015\/11\/salzburg-stadt-fussgaenger-von-taxi-angefahren-41-55332015-300x169.jpg 300w, https:\/\/katharina-tobias.de\/hochzeit\/kthup\/2015\/11\/salzburg-stadt-fussgaenger-von-taxi-angefahren-41-55332015-768x432.jpg 768w, https:\/\/katharina-tobias.de\/hochzeit\/kthup\/2015\/11\/salzburg-stadt-fussgaenger-von-taxi-angefahren-41-55332015-1024x576.jpg 1024w, https:\/\/katharina-tobias.de\/hochzeit\/kthup\/2015\/11\/salzburg-stadt-fussgaenger-von-taxi-angefahren-41-55332015-1080x608.jpg 1080w, https:\/\/katharina-tobias.de\/hochzeit\/kthup\/2015\/11\/salzburg-stadt-fussgaenger-von-taxi-angefahren-41-55332015.jpg 1280w\" sizes=\"(max-width: 540px) 100vw, 540px\" \/><\/div>\t\t\t\t\r\n\t\t\t\t\t\t\t\t\r\n\t\t\t\t\t\t\t\t\t<h4 class=\"jackrose-sow-events-grid-item-title typography-heading\">Taxi<\/h4>\r\n\t\t\t\t\r\n\t\t\t\t\t\t\t\t\t<div class=\"jackrose-sow-events-grid-item-description\"><p>Salzburger Funktaxi-Vereinigung<\/p>\n<p>Telefon: <a href=\"tel:+436628111\">+43 (0) 662 81 11<\/a><\/p><\/div>\r\n\t\t\t\t\r\n\t\t\t\t\t\t\t<\/div><!-- .jackrose-sow-events-grid-item-wrapper -->\r\n\t\t<\/div><!-- .jackrose-sow-events-grid-item -->\r\n\t<\/div><!-- .jackrose-sow-events-grid --><\/div><\/div><\/div><div id=\"pgc-129-1-2\"  class=\"panel-grid-cell panel-grid-cell-empty\" ><\/div><\/div><\/div><div id=\"pg-129-2\"  class=\"panel-grid panel-no-style\" ><div id=\"pgc-129-2-0\"  class=\"panel-grid-cell\" ><div id=\"panel-129-2-0-0\" class=\"so-panel widget widget_jackrose-sow-google-maps panel-first-child panel-last-child\" data-index=\"3\" ><div class=\"panel-widget-style panel-widget-style-for-129-2-0-0\" ><div\n\t\t\t\n\t\t\tclass=\"so-widget-jackrose-sow-google-maps so-widget-jackrose-sow-google-maps-default-d75171398898-129\"\n\t\t\t\n\t\t><div class=\"jackrose-sow-google-maps\" data-jackrose-target=\"gmaps-1\" data-jackrose-arguments=\"{&quot;options&quot;:{&quot;center&quot;:{&quot;lat&quot;:47.803071,&quot;lng&quot;:13.040783},&quot;disableDefaultUI&quot;:true,&quot;draggable&quot;:true,&quot;scrollwheel&quot;:false,&quot;zoom&quot;:15,&quot;zoomControl&quot;:true,&quot;styles&quot;:[{&quot;featureType&quot;:&quot;all&quot;,&quot;elementType&quot;:&quot;all&quot;,&quot;stylers&quot;:[{&quot;visibility&quot;:&quot;on&quot;}]},{&quot;featureType&quot;:&quot;all&quot;,&quot;elementType&quot;:&quot;geometry.fill&quot;,&quot;stylers&quot;:[{&quot;weight&quot;:&quot;2.00&quot;}]},{&quot;featureType&quot;:&quot;all&quot;,&quot;elementType&quot;:&quot;geometry.stroke&quot;,&quot;stylers&quot;:[{&quot;color&quot;:&quot;#9c9c9c&quot;}]},{&quot;featureType&quot;:&quot;all&quot;,&quot;elementType&quot;:&quot;labels.text&quot;,&quot;stylers&quot;:[{&quot;visibility&quot;:&quot;on&quot;}]},{&quot;featureType&quot;:&quot;landscape&quot;,&quot;elementType&quot;:&quot;all&quot;,&quot;stylers&quot;:[{&quot;color&quot;:&quot;#f2f2f2&quot;}]},{&quot;featureType&quot;:&quot;landscape&quot;,&quot;elementType&quot;:&quot;geometry&quot;,&quot;stylers&quot;:[{&quot;visibility&quot;:&quot;on&quot;}]},{&quot;featureType&quot;:&quot;landscape&quot;,&quot;elementType&quot;:&quot;geometry.fill&quot;,&quot;stylers&quot;:[{&quot;color&quot;:&quot;#ffffff&quot;}]},{&quot;featureType&quot;:&quot;landscape&quot;,&quot;elementType&quot;:&quot;labels&quot;,&quot;stylers&quot;:[{&quot;visibility&quot;:&quot;on&quot;}]},{&quot;featureType&quot;:&quot;landscape&quot;,&quot;elementType&quot;:&quot;labels.icon&quot;,&quot;stylers&quot;:[{&quot;visibility&quot;:&quot;on&quot;}]},{&quot;featureType&quot;:&quot;landscape.man_made&quot;,&quot;elementType&quot;:&quot;geometry&quot;,&quot;stylers&quot;:[{&quot;visibility&quot;:&quot;on&quot;}]},{&quot;featureType&quot;:&quot;landscape.man_made&quot;,&quot;elementType&quot;:&quot;geometry.fill&quot;,&quot;stylers&quot;:[{&quot;color&quot;:&quot;#ffffff&quot;},{&quot;visibility&quot;:&quot;on&quot;}]},{&quot;featureType&quot;:&quot;landscape.man_made&quot;,&quot;elementType&quot;:&quot;labels&quot;,&quot;stylers&quot;:[{&quot;visibility&quot;:&quot;on&quot;}]},{&quot;featureType&quot;:&quot;landscape.man_made&quot;,&quot;elementType&quot;:&quot;labels.text&quot;,&quot;stylers&quot;:[{&quot;visibility&quot;:&quot;on&quot;}]},{&quot;featureType&quot;:&quot;landscape.natural.landcover&quot;,&quot;elementType&quot;:&quot;all&quot;,&quot;stylers&quot;:[{&quot;visibility&quot;:&quot;on&quot;}]},{&quot;featureType&quot;:&quot;landscape.natural.landcover&quot;,&quot;elementType&quot;:&quot;geometry&quot;,&quot;stylers&quot;:[{&quot;visibility&quot;:&quot;on&quot;}]},{&quot;featureType&quot;:&quot;landscape.natural.landcover&quot;,&quot;elementType&quot;:&quot;geometry.fill&quot;,&quot;stylers&quot;:[{&quot;visibility&quot;:&quot;on&quot;}]},{&quot;featureType&quot;:&quot;landscape.natural.landcover&quot;,&quot;elementType&quot;:&quot;labels&quot;,&quot;stylers&quot;:[{&quot;visibility&quot;:&quot;on&quot;}]},{&quot;featureType&quot;:&quot;landscape.natural.landcover&quot;,&quot;elementType&quot;:&quot;labels.text&quot;,&quot;stylers&quot;:[{&quot;visibility&quot;:&quot;on&quot;}]},{&quot;featureType&quot;:&quot;landscape.natural.terrain&quot;,&quot;elementType&quot;:&quot;all&quot;,&quot;stylers&quot;:[{&quot;visibility&quot;:&quot;on&quot;}]},{&quot;featureType&quot;:&quot;landscape.natural.terrain&quot;,&quot;elementType&quot;:&quot;geometry&quot;,&quot;stylers&quot;:[{&quot;visibility&quot;:&quot;on&quot;}]},{&quot;featureType&quot;:&quot;poi.attraction&quot;,&quot;elementType&quot;:&quot;all&quot;,&quot;stylers&quot;:[{&quot;visibility&quot;:&quot;on&quot;}]},{&quot;featureType&quot;:&quot;poi.attraction&quot;,&quot;elementType&quot;:&quot;geometry&quot;,&quot;stylers&quot;:[{&quot;visibility&quot;:&quot;on&quot;}]},{&quot;featureType&quot;:&quot;poi.attraction&quot;,&quot;elementType&quot;:&quot;labels.text&quot;,&quot;stylers&quot;:[{&quot;visibility&quot;:&quot;on&quot;}]},{&quot;featureType&quot;:&quot;poi.business&quot;,&quot;elementType&quot;:&quot;all&quot;,&quot;stylers&quot;:[{&quot;visibility&quot;:&quot;off&quot;}]},{&quot;featureType&quot;:&quot;poi.medical&quot;,&quot;elementType&quot;:&quot;all&quot;,&quot;stylers&quot;:[{&quot;visibility&quot;:&quot;off&quot;}]},{&quot;featureType&quot;:&quot;poi.park&quot;,&quot;elementType&quot;:&quot;all&quot;,&quot;stylers&quot;:[{&quot;visibility&quot;:&quot;on&quot;}]},{&quot;featureType&quot;:&quot;poi.park&quot;,&quot;elementType&quot;:&quot;labels.text&quot;,&quot;stylers&quot;:[{&quot;visibility&quot;:&quot;on&quot;}]},{&quot;featureType&quot;:&quot;poi.school&quot;,&quot;elementType&quot;:&quot;all&quot;,&quot;stylers&quot;:[{&quot;visibility&quot;:&quot;on&quot;}]},{&quot;featureType&quot;:&quot;poi.school&quot;,&quot;elementType&quot;:&quot;geometry&quot;,&quot;stylers&quot;:[{&quot;visibility&quot;:&quot;on&quot;}]},{&quot;featureType&quot;:&quot;poi.school&quot;,&quot;elementType&quot;:&quot;labels.text&quot;,&quot;stylers&quot;:[{&quot;visibility&quot;:&quot;on&quot;}]},{&quot;featureType&quot;:&quot;road&quot;,&quot;elementType&quot;:&quot;all&quot;,&quot;stylers&quot;:[{&quot;saturation&quot;:-100},{&quot;lightness&quot;:45}]},{&quot;featureType&quot;:&quot;road&quot;,&quot;elementType&quot;:&quot;geometry.fill&quot;,&quot;stylers&quot;:[{&quot;color&quot;:&quot;#eeeeee&quot;}]},{&quot;featureType&quot;:&quot;road&quot;,&quot;elementType&quot;:&quot;labels.text.fill&quot;,&quot;stylers&quot;:[{&quot;color&quot;:&quot;#7b7b7b&quot;}]},{&quot;featureType&quot;:&quot;road&quot;,&quot;elementType&quot;:&quot;labels.text.stroke&quot;,&quot;stylers&quot;:[{&quot;color&quot;:&quot;#ffffff&quot;}]},{&quot;featureType&quot;:&quot;road.highway&quot;,&quot;elementType&quot;:&quot;all&quot;,&quot;stylers&quot;:[{&quot;visibility&quot;:&quot;simplified&quot;}]},{&quot;featureType&quot;:&quot;road.arterial&quot;,&quot;elementType&quot;:&quot;labels.icon&quot;,&quot;stylers&quot;:[{&quot;visibility&quot;:&quot;off&quot;}]},{&quot;featureType&quot;:&quot;road.local&quot;,&quot;elementType&quot;:&quot;all&quot;,&quot;stylers&quot;:[{&quot;visibility&quot;:&quot;on&quot;}]},{&quot;featureType&quot;:&quot;road.local&quot;,&quot;elementType&quot;:&quot;geometry&quot;,&quot;stylers&quot;:[{&quot;visibility&quot;:&quot;on&quot;}]},{&quot;featureType&quot;:&quot;road.local&quot;,&quot;elementType&quot;:&quot;labels.text&quot;,&quot;stylers&quot;:[{&quot;visibility&quot;:&quot;on&quot;}]},{&quot;featureType&quot;:&quot;transit&quot;,&quot;elementType&quot;:&quot;all&quot;,&quot;stylers&quot;:[{&quot;visibility&quot;:&quot;off&quot;}]},{&quot;featureType&quot;:&quot;transit.station.airport&quot;,&quot;elementType&quot;:&quot;all&quot;,&quot;stylers&quot;:[{&quot;visibility&quot;:&quot;on&quot;}]},{&quot;featureType&quot;:&quot;water&quot;,&quot;elementType&quot;:&quot;all&quot;,&quot;stylers&quot;:[{&quot;color&quot;:&quot;#46bcec&quot;},{&quot;visibility&quot;:&quot;on&quot;}]},{&quot;featureType&quot;:&quot;water&quot;,&quot;elementType&quot;:&quot;geometry.fill&quot;,&quot;stylers&quot;:[{&quot;color&quot;:&quot;#c8d7d4&quot;}]},{&quot;featureType&quot;:&quot;water&quot;,&quot;elementType&quot;:&quot;labels.text.fill&quot;,&quot;stylers&quot;:[{&quot;color&quot;:&quot;#070707&quot;}]},{&quot;featureType&quot;:&quot;water&quot;,&quot;elementType&quot;:&quot;labels.text.stroke&quot;,&quot;stylers&quot;:[{&quot;color&quot;:&quot;#ffffff&quot;}]}]},&quot;locations&quot;:[]}\" data-jackrose-api-key=\"AIzaSyD1ka_ydAef_nsj4SogGGrsd9XkogXO11M\">\r\n\t<div id=\"gmaps-1\"><\/div>\r\n\t<style type=\"text\/css\">\r\n\t#gmaps-1 {\r\n\t\theight: 600px;\r\n\t}\r\n\t@media screen and ( max-width: 767px ) {\r\n\t\t#gmaps-1 {\r\n\t\t\theight: 340px;\r\n\t\t}\r\n\t}\r\n\t<\/style>\r\n<\/div><!-- .jackrose-sow-google-maps --><\/div><\/div><\/div><\/div><\/div><div id=\"pg-129-3\"  class=\"panel-grid panel-no-style\" ><div id=\"pgc-129-3-0\"  class=\"panel-grid-cell\" ><div id=\"panel-129-3-0-0\" class=\"so-panel widget widget_jackrose-sow-button panel-first-child panel-last-child\" data-index=\"4\" ><div\n\t\t\t\n\t\t\tclass=\"so-widget-jackrose-sow-button so-widget-jackrose-sow-button-default-d75171398898-129\"\n\t\t\t\n\t\t><div class=\"jackrose-sow-buttons align-center \">\r\n\t\t\t<a class=\"jackrose-sow-button button\" href=\"https:\/\/katharina-tobias.de\/hochzeit\/\" \r\n\t\t\t>\r\n\t\t\t\tZur\u00fcck\t\t<\/a>\r\n\t<\/div><\/div><\/div><\/div><\/div><\/div>","protected":false},"excerpt":{"rendered":"<p>Anreise-Informationen Mit dem Auto Die Anreise mit dem Auto betr\u00e4gt aus Krefeld rund 7\u00a0Stunden, aus Frankfurt a.M. rund 5 Stunden und aus M\u00fcnchen rund 1,5 Stunden (bei guter Verkehrslage).\u00a0 Mit dem Zug Wer die Anreise per Zug bevorzugt, kann mit der Fahrplanauskunft der Deutschen Bahn oder der \u00d6sterreichischen Bundesbahn leicht die entsprechende Route planen und [&hellip;]<\/p>\n","protected":false},"author":1,"featured_media":0,"parent":0,"menu_order":0,"comment_status":"closed","ping_status":"closed","template":"page-templates\/blank.php","meta":[],"_links":{"self":[{"href":"https:\/\/katharina-tobias.de\/hochzeit\/wp-json\/wp\/v2\/pages\/129"}],"collection":[{"href":"https:\/\/katharina-tobias.de\/hochzeit\/wp-json\/wp\/v2\/pages"}],"about":[{"href":"https:\/\/katharina-tobias.de\/hochzeit\/wp-json\/wp\/v2\/types\/page"}],"author":[{"embeddable":true,"href":"https:\/\/katharina-tobias.de\/hochzeit\/wp-json\/wp\/v2\/users\/1"}],"replies":[{"embeddable":true,"href":"https:\/\/katharina-tobias.de\/hochzeit\/wp-json\/wp\/v2\/comments?post=129"}],"version-history":[{"count":87,"href":"https:\/\/katharina-tobias.de\/hochzeit\/wp-json\/wp\/v2\/pages\/129\/revisions"}],"predecessor-version":[{"id":1032,"href":"https:\/\/katharina-tobias.de\/hochzeit\/wp-json\/wp\/v2\/pages\/129\/revisions\/1032"}],"wp:attachment":[{"href":"https:\/\/katharina-tobias.de\/hochzeit\/wp-json\/wp\/v2\/media?parent=129"}],"curies":[{"name":"wp","href":"https:\/\/api.w.org\/{rel}","templated":true}]}}